{"id":3359,"date":"2019-12-17T11:45:22","date_gmt":"2019-12-17T11:45:22","guid":{"rendered":"https:\/\/greenroof.se\/?page_id=3359"},"modified":"2024-06-04T09:13:38","modified_gmt":"2024-06-04T09:13:38","slug":"studiebesok","status":"publish","type":"page","link":"https:\/\/greenroof.se\/en\/studiebesok\/","title":{"rendered":"Studiebes\u00f6k &#8211; Bl\u00e5gr\u00f6na l\u00f6sningar i staden"},"content":{"rendered":"<h1>\n\t\tStudy tours\n\t<\/h1>\n\t<p>Fr\u00e5n och med juni 2024 kommer studiebes\u00f6k och f\u00f6rel\u00e4sningar att erbjudas via <a href=\"https:\/\/greenblueguide.se\/green-blue-guide\/f-rel-sningar\" target=\"_blank\" rel=\"noopener\">www.greenblueguide.se<\/a>. Green Blue Guide \u00e4r ett f\u00f6retag som \u00e4r frist\u00e5ende fr\u00e5n Scandinavian Green Infrastructure Association (SGIA). Det drivs av en tidigare medarbetare p\u00e5 Scandinavian Green Roof Institute AB (SGRI). SGIA erbjuder inte studiebes\u00f6k och f\u00f6rel\u00e4sningar utan rekommenderar Green Blue Guide.<\/p>","protected":false},"excerpt":{"rendered":"<p>Studiebes\u00f6k Fr\u00e5n och med juni 2024 kommer studiebes\u00f6k och f\u00f6rel\u00e4sningar att erbjudas via www.greenblueguide.se. Green Blue Guide \u00e4r ett f\u00f6retag som \u00e4r frist\u00e5ende fr\u00e5n Scandinavian Green Infrastructure Association (SGIA). Det drivs av en tidigare medarbetare p\u00e5 Scandinavian Green Roof Institute AB (SGRI). SGIA erbjuder inte studiebes\u00f6k och f\u00f6rel\u00e4sningar utan rekommenderar Green Blue Guide.<\/p>","protected":false},"author":6,"featured_media":6968,"parent":0,"menu_order":0,"comment_status":"closed","ping_status":"closed","template":"","meta":{"_acf_changed":false,"footnotes":""},"class_list":["post-3359","page","type-page","status-publish","has-post-thumbnail","hentry"],"acf":[],"yoast_head":"<!-- This site is optimized with the Yoast SEO plugin v27.4 - https:\/\/yoast.com\/product\/yoast-seo-wordpress\/ -->\n<title>Studiebes\u00f6k - Bl\u00e5gr\u00f6na l\u00f6sningar i staden<\/title>\n<meta name=\"description\" content=\"V\u00e5ra studiebes\u00f6k visar upp de fantastiska l\u00f6sningar en stad kan anv\u00e4nda sig av f\u00f6r att tackla klimatf\u00f6r\u00e4ndringarna.\" \/>\n<meta name=\"robots\" content=\"index, follow, max-snippet:-1, max-image-preview:large, max-video-preview:-1\" \/>\n<link rel=\"canonical\" href=\"https:\/\/greenroof.se\/en\/studiebesok\/\" \/>\n<meta property=\"og:locale\" content=\"en_US\" \/>\n<meta property=\"og:type\" content=\"article\" \/>\n<meta property=\"og:title\" content=\"Studiebes\u00f6k - Bl\u00e5gr\u00f6na l\u00f6sningar i staden\" \/>\n<meta property=\"og:description\" content=\"V\u00e5ra studiebes\u00f6k visar upp de fantastiska l\u00f6sningar en stad kan anv\u00e4nda sig av f\u00f6r att tackla klimatf\u00f6r\u00e4ndringarna.\" \/>\n<meta property=\"og:url\" content=\"https:\/\/greenroof.se\/en\/studiebesok\/\" \/>\n<meta property=\"og:site_name\" content=\"Green Roof Institute\" \/>\n<meta property=\"article:publisher\" content=\"https:\/\/www.facebook.com\/greenroofmalmo\/\" \/>\n<meta property=\"article:modified_time\" content=\"2024-06-04T09:13:38+00:00\" \/>\n<meta property=\"og:image\" content=\"https:\/\/greenroof.se\/wp-content\/uploads\/main-her.jpeg\" \/>\n\t<meta property=\"og:image:width\" content=\"1920\" \/>\n\t<meta property=\"og:image:height\" content=\"1440\" \/>\n\t<meta property=\"og:image:type\" content=\"image\/jpeg\" \/>\n<meta name=\"twitter:card\" content=\"summary_large_image\" \/>\n<script type=\"application\/ld+json\" class=\"yoast-schema-graph\">{\"@context\":\"https:\\\/\\\/schema.org\",\"@graph\":[{\"@type\":\"WebPage\",\"@id\":\"https:\\\/\\\/greenroof.se\\\/studiebesok\\\/\",\"url\":\"https:\\\/\\\/greenroof.se\\\/studiebesok\\\/\",\"name\":\"Studiebes\u00f6k - Bl\u00e5gr\u00f6na l\u00f6sningar i staden\",\"isPartOf\":{\"@id\":\"https:\\\/\\\/greenroof.se\\\/#website\"},\"primaryImageOfPage\":{\"@id\":\"https:\\\/\\\/greenroof.se\\\/studiebesok\\\/#primaryimage\"},\"image\":{\"@id\":\"https:\\\/\\\/greenroof.se\\\/studiebesok\\\/#primaryimage\"},\"thumbnailUrl\":\"https:\\\/\\\/greenroof.se\\\/wp-content\\\/uploads\\\/main-her.jpeg\",\"datePublished\":\"2019-12-17T11:45:22+00:00\",\"dateModified\":\"2024-06-04T09:13:38+00:00\",\"description\":\"V\u00e5ra studiebes\u00f6k visar upp de fantastiska l\u00f6sningar en stad kan anv\u00e4nda sig av f\u00f6r att tackla klimatf\u00f6r\u00e4ndringarna.\",\"breadcrumb\":{\"@id\":\"https:\\\/\\\/greenroof.se\\\/studiebesok\\\/#breadcrumb\"},\"inLanguage\":\"en-US\",\"potentialAction\":[{\"@type\":\"ReadAction\",\"target\":[\"https:\\\/\\\/greenroof.se\\\/studiebesok\\\/\"]}]},{\"@type\":\"ImageObject\",\"inLanguage\":\"en-US\",\"@id\":\"https:\\\/\\\/greenroof.se\\\/studiebesok\\\/#primaryimage\",\"url\":\"https:\\\/\\\/greenroof.se\\\/wp-content\\\/uploads\\\/main-her.jpeg\",\"contentUrl\":\"https:\\\/\\\/greenroof.se\\\/wp-content\\\/uploads\\\/main-her.jpeg\",\"width\":1920,\"height\":1440},{\"@type\":\"BreadcrumbList\",\"@id\":\"https:\\\/\\\/greenroof.se\\\/studiebesok\\\/#breadcrumb\",\"itemListElement\":[{\"@type\":\"ListItem\",\"position\":1,\"name\":\"Hem\",\"item\":\"https:\\\/\\\/greenroof.se\\\/\"},{\"@type\":\"ListItem\",\"position\":2,\"name\":\"Studiebes\u00f6k &#8211; Bl\u00e5gr\u00f6na l\u00f6sningar i staden\"}]},{\"@type\":\"WebSite\",\"@id\":\"https:\\\/\\\/greenroof.se\\\/#website\",\"url\":\"https:\\\/\\\/greenroof.se\\\/\",\"name\":\"Green Roof Institute\",\"description\":\"Kompetenscenter f\u00f6r bl\u00e5gr\u00f6na l\u00f6sningar\",\"publisher\":{\"@id\":\"https:\\\/\\\/greenroof.se\\\/#organization\"},\"potentialAction\":[{\"@type\":\"SearchAction\",\"target\":{\"@type\":\"EntryPoint\",\"urlTemplate\":\"https:\\\/\\\/greenroof.se\\\/?s={search_term_string}\"},\"query-input\":{\"@type\":\"PropertyValueSpecification\",\"valueRequired\":true,\"valueName\":\"search_term_string\"}}],\"inLanguage\":\"en-US\"},{\"@type\":\"Organization\",\"@id\":\"https:\\\/\\\/greenroof.se\\\/#organization\",\"name\":\"Green Roof Insitute\",\"url\":\"https:\\\/\\\/greenroof.se\\\/\",\"logo\":{\"@type\":\"ImageObject\",\"inLanguage\":\"en-US\",\"@id\":\"https:\\\/\\\/greenroof.se\\\/#\\\/schema\\\/logo\\\/image\\\/\",\"url\":\"\",\"contentUrl\":\"\",\"caption\":\"Green Roof Insitute\"},\"image\":{\"@id\":\"https:\\\/\\\/greenroof.se\\\/#\\\/schema\\\/logo\\\/image\\\/\"},\"sameAs\":[\"https:\\\/\\\/www.facebook.com\\\/greenroofmalmo\\\/\",\"https:\\\/\\\/www.instagram.com\\\/greenroofmalmo\\\/\",\"https:\\\/\\\/se.linkedin.com\\\/company\\\/greenroofmalmo\"]}]}<\/script>\n<!-- \/ Yoast SEO plugin. -->","yoast_head_json":{"title":"Studiebes\u00f6k - Bl\u00e5gr\u00f6na l\u00f6sningar i staden","description":"V\u00e5ra studiebes\u00f6k visar upp de fantastiska l\u00f6sningar en stad kan anv\u00e4nda sig av f\u00f6r att tackla klimatf\u00f6r\u00e4ndringarna.","robots":{"index":"index","follow":"follow","max-snippet":"max-snippet:-1","max-image-preview":"max-image-preview:large","max-video-preview":"max-video-preview:-1"},"canonical":"https:\/\/greenroof.se\/en\/studiebesok\/","og_locale":"en_US","og_type":"article","og_title":"Studiebes\u00f6k - Bl\u00e5gr\u00f6na l\u00f6sningar i staden","og_description":"V\u00e5ra studiebes\u00f6k visar upp de fantastiska l\u00f6sningar en stad kan anv\u00e4nda sig av f\u00f6r att tackla klimatf\u00f6r\u00e4ndringarna.","og_url":"https:\/\/greenroof.se\/en\/studiebesok\/","og_site_name":"Green Roof Institute","article_publisher":"https:\/\/www.facebook.com\/greenroofmalmo\/","article_modified_time":"2024-06-04T09:13:38+00:00","og_image":[{"width":1920,"height":1440,"url":"https:\/\/greenroof.se\/wp-content\/uploads\/main-her.jpeg","type":"image\/jpeg"}],"twitter_card":"summary_large_image","schema":{"@context":"https:\/\/schema.org","@graph":[{"@type":"WebPage","@id":"https:\/\/greenroof.se\/studiebesok\/","url":"https:\/\/greenroof.se\/studiebesok\/","name":"Studiebes\u00f6k - Bl\u00e5gr\u00f6na l\u00f6sningar i staden","isPartOf":{"@id":"https:\/\/greenroof.se\/#website"},"primaryImageOfPage":{"@id":"https:\/\/greenroof.se\/studiebesok\/#primaryimage"},"image":{"@id":"https:\/\/greenroof.se\/studiebesok\/#primaryimage"},"thumbnailUrl":"https:\/\/greenroof.se\/wp-content\/uploads\/main-her.jpeg","datePublished":"2019-12-17T11:45:22+00:00","dateModified":"2024-06-04T09:13:38+00:00","description":"V\u00e5ra studiebes\u00f6k visar upp de fantastiska l\u00f6sningar en stad kan anv\u00e4nda sig av f\u00f6r att tackla klimatf\u00f6r\u00e4ndringarna.","breadcrumb":{"@id":"https:\/\/greenroof.se\/studiebesok\/#breadcrumb"},"inLanguage":"en-US","potentialAction":[{"@type":"ReadAction","target":["https:\/\/greenroof.se\/studiebesok\/"]}]},{"@type":"ImageObject","inLanguage":"en-US","@id":"https:\/\/greenroof.se\/studiebesok\/#primaryimage","url":"https:\/\/greenroof.se\/wp-content\/uploads\/main-her.jpeg","contentUrl":"https:\/\/greenroof.se\/wp-content\/uploads\/main-her.jpeg","width":1920,"height":1440},{"@type":"BreadcrumbList","@id":"https:\/\/greenroof.se\/studiebesok\/#breadcrumb","itemListElement":[{"@type":"ListItem","position":1,"name":"Hem","item":"https:\/\/greenroof.se\/"},{"@type":"ListItem","position":2,"name":"Studiebes\u00f6k &#8211; Bl\u00e5gr\u00f6na l\u00f6sningar i staden"}]},{"@type":"WebSite","@id":"https:\/\/greenroof.se\/#website","url":"https:\/\/greenroof.se\/","name":"Green Roof Institute","description":"Kompetenscenter f\u00f6r bl\u00e5gr\u00f6na l\u00f6sningar","publisher":{"@id":"https:\/\/greenroof.se\/#organization"},"potentialAction":[{"@type":"SearchAction","target":{"@type":"EntryPoint","urlTemplate":"https:\/\/greenroof.se\/?s={search_term_string}"},"query-input":{"@type":"PropertyValueSpecification","valueRequired":true,"valueName":"search_term_string"}}],"inLanguage":"en-US"},{"@type":"Organization","@id":"https:\/\/greenroof.se\/#organization","name":"Green Roof Insitute","url":"https:\/\/greenroof.se\/","logo":{"@type":"ImageObject","inLanguage":"en-US","@id":"https:\/\/greenroof.se\/#\/schema\/logo\/image\/","url":"","contentUrl":"","caption":"Green Roof Insitute"},"image":{"@id":"https:\/\/greenroof.se\/#\/schema\/logo\/image\/"},"sameAs":["https:\/\/www.facebook.com\/greenroofmalmo\/","https:\/\/www.instagram.com\/greenroofmalmo\/","https:\/\/se.linkedin.com\/company\/greenroofmalmo"]}]}},"_links":{"self":[{"href":"https:\/\/greenroof.se\/en\/wp-json\/wp\/v2\/pages\/3359","targetHints":{"allow":["GET"]}}],"collection":[{"href":"https:\/\/greenroof.se\/en\/wp-json\/wp\/v2\/pages"}],"about":[{"href":"https:\/\/greenroof.se\/en\/wp-json\/wp\/v2\/types\/page"}],"author":[{"embeddable":true,"href":"https:\/\/greenroof.se\/en\/wp-json\/wp\/v2\/users\/6"}],"replies":[{"embeddable":true,"href":"https:\/\/greenroof.se\/en\/wp-json\/wp\/v2\/comments?post=3359"}],"version-history":[{"count":0,"href":"https:\/\/greenroof.se\/en\/wp-json\/wp\/v2\/pages\/3359\/revisions"}],"wp:featuredmedia":[{"embeddable":true,"href":"https:\/\/greenroof.se\/en\/wp-json\/wp\/v2\/media\/6968"}],"wp:attachment":[{"href":"https:\/\/greenroof.se\/en\/wp-json\/wp\/v2\/media?parent=3359"}],"curies":[{"name":"wp","href":"https:\/\/api.w.org\/{rel}","templated":true}]}}